{"id":5,"date":"2019-08-04T15:14:50","date_gmt":"2019-08-04T13:14:50","guid":{"rendered":"http:\/\/kubaarch.sk\/?page_id=5"},"modified":"2026-03-12T20:03:43","modified_gmt":"2026-03-12T19:03:43","slug":"uvod","status":"publish","type":"page","link":"https:\/\/kubaarch.sk\/","title":{"rendered":"O n\u00e1s"},"content":{"rendered":"\t\t<div data-elementor-type=\"wp-post\" data-elementor-id=\"5\" class=\"elementor elementor-5\">\n\t\t\t\t\t\t<section class=\"elementor-section elementor-top-section elementor-element elementor-element-3b15bc9a elementor-section-boxed elementor-section-height-default elementor-section-height-default\" data-id=\"3b15bc9a\" data-element_type=\"section\" data-e-type=\"section\">\n\t\t\t\t\t\t<div class=\"elementor-container elementor-column-gap-default\">\n\t\t\t\t\t<div class=\"elementor-column elementor-col-100 elementor-top-column elementor-element elementor-element-5e85dff2\" data-id=\"5e85dff2\" data-element_type=\"column\" data-e-type=\"column\">\n\t\t\t<div class=\"elementor-widget-wrap elementor-element-populated\">\n\t\t\t\t\t\t<div class=\"elementor-element elementor-element-30fb242f elementor-widget elementor-widget-text-editor\" data-id=\"30fb242f\" data-element_type=\"widget\" data-e-type=\"widget\" data-widget_type=\"text-editor.default\">\n\t\t\t\t<div class=\"elementor-widget-container\">\n\t\t\t\t\t\t\t\t\t<p><\/p>\n<p class=\"has-small-font-size\" style=\"text-align: justify;\">Architektonick\u00fd ateli\u00e9r<strong><br \/>KUBAarch <\/strong>pon\u00faka klientom komplexn\u00e9 slu\u017eby v\u00a0oblasti architekt\u00fary,<br \/>urbanizmu a\u00a0interi\u00e9rov\u00e9ho dizajnu.<\/p>\n<p><\/p>\n<p><\/p>\n<p class=\"has-small-font-size\" style=\"text-align: justify;\">N\u00e1\u0161 ateli\u00e9r sa zaober\u00e1 projektovan\u00edm rodinn\u00fdch domov, bytov\u00fdch<br \/>a\u00a0ob\u010dianskych budov, verejn\u00fdch stavieb a interi\u00e9rov. Rob\u00edme projekty<br \/>r\u00f4znych druhov, od interi\u00e9rov\u00fdch a\u00a0architektonick\u00fdch \u0161t\u00fadi\u00ed, a\u017e po<br \/>realiza\u010dn\u00e9 projekty pre stavebn\u00e9 povolenia (novostavby aj rekon\u0161trukcie).<\/p>\n<p><\/p>\n<p><\/p>\n<p class=\"has-small-font-size\">Poskytujeme:<\/p>\n<p><\/p>\n<p><\/p>\n<p class=\"has-small-font-size\" style=\"text-align: justify;\"><strong>vypracovanie projektovej dokument\u00e1cie vo v\u0161etk\u00fdch stup\u0148och<\/strong>\u00a0<\/p>\n<p><\/p>\n<p><\/p>\n<p class=\"has-small-font-size\" style=\"text-align: justify;\"><strong>in\u017einierska \u010dinnos\u0165\u00a0<\/strong><\/p>\n<p><\/p>\n<p><\/p>\n<p class=\"has-small-font-size\"><strong>architektonick\u00e1 \u010dinnos\u0165<\/strong><\/p>\n<p><\/p>\n<p><\/p>\n<p class=\"has-small-font-size\"><strong>poradentstvo <\/strong>v\u00a0oblasti stavebn\u00edctva<\/p>\n<p><\/p>\n<p><\/p>\n<p class=\"has-small-font-size\"><strong>s\u00fadne znalectvo<\/strong> z odboru Stavebn\u00edctvo, odvetvie pozemn\u00e9 stavby a odhad hodnoty nehnute\u013enost\u00ed<\/p>\n<p><\/p>\n<p><\/p>\n<p class=\"has-small-font-size\">slu\u017eby\u00a0<strong>stavebn\u00e9ho dozoru <\/strong><\/p>\n<p><\/p>\n<p><\/p>\n<p class=\"has-small-font-size\"><strong>urbanistick\u00e9 n\u00e1vrhy<\/strong><\/p>\n<p><\/p>\n<p><\/p>\n<p class=\"has-small-font-size\"><strong>3D vizualiz\u00e1cie stavieb a interi\u00e9rov<\/strong><\/p>\n<p><\/p>\n<p><\/p>\n<p class=\"has-small-font-size\"><strong>projekt interi\u00e9ru, interi\u00e9rov\u00fd dizajn, 3D vizualiz\u00e1cie<\/strong><\/p>\n<p><\/p>\t\t\t\t\t\t\t\t<\/div>\n\t\t\t\t<\/div>\n\t\t\t\t\t<\/div>\n\t\t<\/div>\n\t\t\t\t\t<\/div>\n\t\t<\/section>\n\t\t\t\t<\/div>\n\t\t","protected":false},"excerpt":{"rendered":"<p>Architektonick\u00fd ateli\u00e9rKUBAarch pon\u00faka klientom komplexn\u00e9 slu\u017eby v\u00a0oblasti architekt\u00fary,urbanizmu a\u00a0interi\u00e9rov\u00e9ho dizajnu. N\u00e1\u0161 ateli\u00e9r sa zaober\u00e1 projektovan\u00edm rodinn\u00fdch domov, bytov\u00fdcha\u00a0ob\u010dianskych budov, verejn\u00fdch stavieb a interi\u00e9rov. Rob\u00edme projektyr\u00f4znych druhov, od interi\u00e9rov\u00fdch a\u00a0architektonick\u00fdch \u0161t\u00fadi\u00ed, a\u017e porealiza\u010dn\u00e9 projekty pre stavebn\u00e9 povolenia (novostavby aj rekon\u0161trukcie). Poskytujeme: vypracovanie projektovej dokument\u00e1cie vo v\u0161etk\u00fdch stup\u0148och\u00a0 in\u017einierska \u010dinnos\u0165\u00a0 architektonick\u00e1 \u010dinnos\u0165 poradentstvo v\u00a0oblasti stavebn\u00edctva s\u00fadne znalectvo [&hellip;]<\/p>\n","protected":false},"author":1,"featured_media":38,"parent":0,"menu_order":0,"comment_status":"closed","ping_status":"closed","template":"","meta":{"footnotes":""},"class_list":["post-5","page","type-page","status-publish","has-post-thumbnail","hentry"],"jetpack_sharing_enabled":true,"_links":{"self":[{"href":"https:\/\/kubaarch.sk\/index.php?rest_route=\/wp\/v2\/pages\/5","targetHints":{"allow":["GET"]}}],"collection":[{"href":"https:\/\/kubaarch.sk\/index.php?rest_route=\/wp\/v2\/pages"}],"about":[{"href":"https:\/\/kubaarch.sk\/index.php?rest_route=\/wp\/v2\/types\/page"}],"author":[{"embeddable":true,"href":"https:\/\/kubaarch.sk\/index.php?rest_route=\/wp\/v2\/users\/1"}],"replies":[{"embeddable":true,"href":"https:\/\/kubaarch.sk\/index.php?rest_route=%2Fwp%2Fv2%2Fcomments&post=5"}],"version-history":[{"count":13,"href":"https:\/\/kubaarch.sk\/index.php?rest_route=\/wp\/v2\/pages\/5\/revisions"}],"predecessor-version":[{"id":942,"href":"https:\/\/kubaarch.sk\/index.php?rest_route=\/wp\/v2\/pages\/5\/revisions\/942"}],"wp:featuredmedia":[{"embeddable":true,"href":"https:\/\/kubaarch.sk\/index.php?rest_route=\/wp\/v2\/media\/38"}],"wp:attachment":[{"href":"https:\/\/kubaarch.sk\/index.php?rest_route=%2Fwp%2Fv2%2Fmedia&parent=5"}],"curies":[{"name":"wp","href":"https:\/\/api.w.org\/{rel}","templated":true}]}}