{"id":21,"date":"2019-08-04T20:57:42","date_gmt":"2019-08-04T18:57:42","guid":{"rendered":"http:\/\/kubaarch.sk\/?page_id=21"},"modified":"2021-04-30T09:26:06","modified_gmt":"2021-04-30T07:26:06","slug":"rodinne-domy","status":"publish","type":"page","link":"https:\/\/kubaarch.sk\/?page_id=21","title":{"rendered":"Rodinn\u00e9 domy"},"content":{"rendered":"\t\t<div data-elementor-type=\"wp-post\" data-elementor-id=\"21\" class=\"elementor elementor-21\">\n\t\t\t\t\t\t<section class=\"elementor-section elementor-top-section elementor-element elementor-element-aab4e94 elementor-section-boxed elementor-section-height-default elementor-section-height-default\" data-id=\"aab4e94\" data-element_type=\"section\" data-e-type=\"section\">\n\t\t\t\t\t\t<div class=\"elementor-container elementor-column-gap-default\">\n\t\t\t\t\t<div class=\"elementor-column elementor-col-50 elementor-top-column elementor-element elementor-element-cc8f3cf\" data-id=\"cc8f3cf\" data-element_type=\"column\" data-e-type=\"column\">\n\t\t\t<div class=\"elementor-widget-wrap elementor-element-populated\">\n\t\t\t\t\t\t<div class=\"elementor-element elementor-element-db52d36 elementor-widget elementor-widget-image\" data-id=\"db52d36\" data-element_type=\"widget\" data-e-type=\"widget\" data-widget_type=\"image.default\">\n\t\t\t\t<div class=\"elementor-widget-container\">\n\t\t\t\t\t\t\t\t\t\t\t\t<figure class=\"wp-caption\">\n\t\t\t\t\t\t\t\t\t\t\t<a href=\"https:\/\/kubaarch.sk\/?p=177\">\n\t\t\t\t\t\t\t<img fetchpriority=\"high\" decoding=\"async\" width=\"880\" height=\"660\" src=\"https:\/\/kubaarch.sk\/wp-content\/uploads\/2019\/08\/3_4-1024x768.png\" class=\"elementor-animation-grow attachment-large size-large wp-image-211\" alt=\"\" srcset=\"https:\/\/kubaarch.sk\/wp-content\/uploads\/2019\/08\/3_4-1024x768.png 1024w, https:\/\/kubaarch.sk\/wp-content\/uploads\/2019\/08\/3_4-300x225.png 300w, https:\/\/kubaarch.sk\/wp-content\/uploads\/2019\/08\/3_4-768x576.png 768w, https:\/\/kubaarch.sk\/wp-content\/uploads\/2019\/08\/3_4-880x660.png 880w, https:\/\/kubaarch.sk\/wp-content\/uploads\/2019\/08\/3_4-220x165.png 220w\" sizes=\"(max-width: 880px) 100vw, 880px\" \/>\t\t\t\t\t\t\t\t<\/a>\n\t\t\t\t\t\t\t\t\t\t\t<figcaption class=\"widget-image-caption wp-caption-text\">DOM V DOME, ILAVA<\/figcaption>\n\t\t\t\t\t\t\t\t\t\t<\/figure>\n\t\t\t\t\t\t\t\t\t<\/div>\n\t\t\t\t<\/div>\n\t\t\t\t\t<\/div>\n\t\t<\/div>\n\t\t\t\t<div class=\"elementor-column elementor-col-50 elementor-top-column elementor-element elementor-element-c6060b2\" data-id=\"c6060b2\" data-element_type=\"column\" data-e-type=\"column\">\n\t\t\t<div class=\"elementor-widget-wrap elementor-element-populated\">\n\t\t\t\t\t\t<div class=\"elementor-element elementor-element-40181bc elementor-widget elementor-widget-image\" data-id=\"40181bc\" data-element_type=\"widget\" data-e-type=\"widget\" data-widget_type=\"image.default\">\n\t\t\t\t<div class=\"elementor-widget-container\">\n\t\t\t\t\t\t\t\t\t\t\t\t<figure class=\"wp-caption\">\n\t\t\t\t\t\t\t\t\t\t\t<a href=\"https:\/\/kubaarch.sk\/?p=748(otv\u00e1ra%20sa%20na%20novej%20karte)\">\n\t\t\t\t\t\t\t<img decoding=\"async\" width=\"880\" height=\"622\" src=\"https:\/\/kubaarch.sk\/wp-content\/uploads\/2021\/04\/00-\u2013-k\u00f3pia-1024x724.jpg\" class=\"elementor-animation-grow attachment-large size-large wp-image-769\" alt=\"\" srcset=\"https:\/\/kubaarch.sk\/wp-content\/uploads\/2021\/04\/00-\u2013-k\u00f3pia-1024x724.jpg 1024w, https:\/\/kubaarch.sk\/wp-content\/uploads\/2021\/04\/00-\u2013-k\u00f3pia-300x212.jpg 300w, https:\/\/kubaarch.sk\/wp-content\/uploads\/2021\/04\/00-\u2013-k\u00f3pia-768x543.jpg 768w, https:\/\/kubaarch.sk\/wp-content\/uploads\/2021\/04\/00-\u2013-k\u00f3pia-880x622.jpg 880w, https:\/\/kubaarch.sk\/wp-content\/uploads\/2021\/04\/00-\u2013-k\u00f3pia-220x156.jpg 220w\" sizes=\"(max-width: 880px) 100vw, 880px\" \/>\t\t\t\t\t\t\t\t<\/a>\n\t\t\t\t\t\t\t\t\t\t\t<figcaption class=\"widget-image-caption wp-caption-text\">DOM PRI POTOKU<\/figcaption>\n\t\t\t\t\t\t\t\t\t\t<\/figure>\n\t\t\t\t\t\t\t\t\t<\/div>\n\t\t\t\t<\/div>\n\t\t\t\t\t<\/div>\n\t\t<\/div>\n\t\t\t\t\t<\/div>\n\t\t<\/section>\n\t\t\t\t<section class=\"elementor-section elementor-top-section elementor-element elementor-element-4c13011 elementor-section-boxed elementor-section-height-default elementor-section-height-default\" data-id=\"4c13011\" data-element_type=\"section\" data-e-type=\"section\">\n\t\t\t\t\t\t<div class=\"elementor-container elementor-column-gap-default\">\n\t\t\t\t\t<div class=\"elementor-column elementor-col-50 elementor-top-column elementor-element elementor-element-0a6d96b\" data-id=\"0a6d96b\" data-element_type=\"column\" data-e-type=\"column\">\n\t\t\t<div class=\"elementor-widget-wrap elementor-element-populated\">\n\t\t\t\t\t\t<div class=\"elementor-element elementor-element-7e0d47f elementor-widget elementor-widget-image\" data-id=\"7e0d47f\" data-element_type=\"widget\" data-e-type=\"widget\" data-widget_type=\"image.default\">\n\t\t\t\t<div class=\"elementor-widget-container\">\n\t\t\t\t\t\t\t\t\t\t\t\t<figure class=\"wp-caption\">\n\t\t\t\t\t\t\t\t\t\t\t<a href=\"https:\/\/kubaarch.sk\/?p=596\">\n\t\t\t\t\t\t\t<img decoding=\"async\" width=\"880\" height=\"660\" src=\"https:\/\/kubaarch.sk\/wp-content\/uploads\/2020\/11\/Vizualiz\u00e1cia-1-1024x768.jpg\" class=\"elementor-animation-grow attachment-large size-large wp-image-598\" alt=\"\" srcset=\"https:\/\/kubaarch.sk\/wp-content\/uploads\/2020\/11\/Vizualiz\u00e1cia-1-1024x768.jpg 1024w, https:\/\/kubaarch.sk\/wp-content\/uploads\/2020\/11\/Vizualiz\u00e1cia-1-300x225.jpg 300w, https:\/\/kubaarch.sk\/wp-content\/uploads\/2020\/11\/Vizualiz\u00e1cia-1-768x576.jpg 768w, https:\/\/kubaarch.sk\/wp-content\/uploads\/2020\/11\/Vizualiz\u00e1cia-1-880x660.jpg 880w, https:\/\/kubaarch.sk\/wp-content\/uploads\/2020\/11\/Vizualiz\u00e1cia-1-220x165.jpg 220w, https:\/\/kubaarch.sk\/wp-content\/uploads\/2020\/11\/Vizualiz\u00e1cia-1.jpg 1600w\" sizes=\"(max-width: 880px) 100vw, 880px\" \/>\t\t\t\t\t\t\t\t<\/a>\n\t\t\t\t\t\t\t\t\t\t\t<figcaption class=\"widget-image-caption wp-caption-text\">DOM VO SVAHU_ PAS\u00cdVNY DOM <\/figcaption>\n\t\t\t\t\t\t\t\t\t\t<\/figure>\n\t\t\t\t\t\t\t\t\t<\/div>\n\t\t\t\t<\/div>\n\t\t\t\t\t<\/div>\n\t\t<\/div>\n\t\t\t\t<div class=\"elementor-column elementor-col-50 elementor-top-column elementor-element elementor-element-ccf0f5f\" data-id=\"ccf0f5f\" data-element_type=\"column\" data-e-type=\"column\">\n\t\t\t<div class=\"elementor-widget-wrap elementor-element-populated\">\n\t\t\t\t\t\t<div class=\"elementor-element elementor-element-550872e elementor-widget elementor-widget-image\" data-id=\"550872e\" data-element_type=\"widget\" data-e-type=\"widget\" data-widget_type=\"image.default\">\n\t\t\t\t<div class=\"elementor-widget-container\">\n\t\t\t\t\t\t\t\t\t\t\t\t<figure class=\"wp-caption\">\n\t\t\t\t\t\t\t\t\t\t\t<a href=\"https:\/\/kubaarch.sk\/?p=625\">\n\t\t\t\t\t\t\t<img loading=\"lazy\" decoding=\"async\" width=\"880\" height=\"660\" src=\"https:\/\/kubaarch.sk\/wp-content\/uploads\/2020\/11\/ACCamera_4-1024x768.jpg\" class=\"elementor-animation-grow attachment-large size-large wp-image-635\" alt=\"\" srcset=\"https:\/\/kubaarch.sk\/wp-content\/uploads\/2020\/11\/ACCamera_4-1024x768.jpg 1024w, https:\/\/kubaarch.sk\/wp-content\/uploads\/2020\/11\/ACCamera_4-300x225.jpg 300w, https:\/\/kubaarch.sk\/wp-content\/uploads\/2020\/11\/ACCamera_4-768x576.jpg 768w, https:\/\/kubaarch.sk\/wp-content\/uploads\/2020\/11\/ACCamera_4-880x660.jpg 880w, https:\/\/kubaarch.sk\/wp-content\/uploads\/2020\/11\/ACCamera_4-220x165.jpg 220w, https:\/\/kubaarch.sk\/wp-content\/uploads\/2020\/11\/ACCamera_4.jpg 1600w\" sizes=\"(max-width: 880px) 100vw, 880px\" \/>\t\t\t\t\t\t\t\t<\/a>\n\t\t\t\t\t\t\t\t\t\t\t<figcaption class=\"widget-image-caption wp-caption-text\">RODINN\u00c9 DOMY, \u0160A\u0160T\u00cdN<\/figcaption>\n\t\t\t\t\t\t\t\t\t\t<\/figure>\n\t\t\t\t\t\t\t\t\t<\/div>\n\t\t\t\t<\/div>\n\t\t\t\t\t<\/div>\n\t\t<\/div>\n\t\t\t\t\t<\/div>\n\t\t<\/section>\n\t\t\t\t<section class=\"elementor-section elementor-top-section elementor-element elementor-element-b9a9b96 elementor-section-boxed elementor-section-height-default elementor-section-height-default\" data-id=\"b9a9b96\" data-element_type=\"section\" data-e-type=\"section\">\n\t\t\t\t\t\t<div class=\"elementor-container elementor-column-gap-default\">\n\t\t\t\t\t<div class=\"elementor-column elementor-col-50 elementor-top-column elementor-element elementor-element-153bd42\" data-id=\"153bd42\" data-element_type=\"column\" data-e-type=\"column\">\n\t\t\t<div class=\"elementor-widget-wrap\">\n\t\t\t\t\t\t\t<\/div>\n\t\t<\/div>\n\t\t\t\t<div class=\"elementor-column elementor-col-50 elementor-top-column elementor-element elementor-element-1f79d8d\" data-id=\"1f79d8d\" data-element_type=\"column\" data-e-type=\"column\">\n\t\t\t<div class=\"elementor-widget-wrap\">\n\t\t\t\t\t\t\t<\/div>\n\t\t<\/div>\n\t\t\t\t\t<\/div>\n\t\t<\/section>\n\t\t\t\t<\/div>\n\t\t","protected":false},"excerpt":{"rendered":"<p>DOM V DOME, ILAVA DOM PRI POTOKU DOM VO SVAHU_ PAS\u00cdVNY DOM RODINN\u00c9 DOMY, \u0160A\u0160T\u00cdN<\/p>\n","protected":false},"author":1,"featured_media":0,"parent":0,"menu_order":0,"comment_status":"closed","ping_status":"closed","template":"","meta":{"footnotes":""},"class_list":["post-21","page","type-page","status-publish","hentry"],"jetpack_sharing_enabled":true,"_links":{"self":[{"href":"https:\/\/kubaarch.sk\/index.php?rest_route=\/wp\/v2\/pages\/21","targetHints":{"allow":["GET"]}}],"collection":[{"href":"https:\/\/kubaarch.sk\/index.php?rest_route=\/wp\/v2\/pages"}],"about":[{"href":"https:\/\/kubaarch.sk\/index.php?rest_route=\/wp\/v2\/types\/page"}],"author":[{"embeddable":true,"href":"https:\/\/kubaarch.sk\/index.php?rest_route=\/wp\/v2\/users\/1"}],"replies":[{"embeddable":true,"href":"https:\/\/kubaarch.sk\/index.php?rest_route=%2Fwp%2Fv2%2Fcomments&post=21"}],"version-history":[{"count":16,"href":"https:\/\/kubaarch.sk\/index.php?rest_route=\/wp\/v2\/pages\/21\/revisions"}],"predecessor-version":[{"id":773,"href":"https:\/\/kubaarch.sk\/index.php?rest_route=\/wp\/v2\/pages\/21\/revisions\/773"}],"wp:attachment":[{"href":"https:\/\/kubaarch.sk\/index.php?rest_route=%2Fwp%2Fv2%2Fmedia&parent=21"}],"curies":[{"name":"wp","href":"https:\/\/api.w.org\/{rel}","templated":true}]}}