{"id":13,"date":"2019-08-04T16:36:18","date_gmt":"2019-08-04T14:36:18","guid":{"rendered":"http:\/\/kubaarch.sk\/?page_id=13"},"modified":"2026-03-16T22:01:43","modified_gmt":"2026-03-16T21:01:43","slug":"kontakt","status":"publish","type":"page","link":"https:\/\/kubaarch.sk\/?page_id=13","title":{"rendered":"Kontakt"},"content":{"rendered":"\t\t<div data-elementor-type=\"wp-post\" data-elementor-id=\"13\" class=\"elementor elementor-13\">\n\t\t\t\t\t\t<section class=\"elementor-section elementor-top-section elementor-element elementor-element-1ecebea elementor-section-boxed elementor-section-height-default elementor-section-height-default\" data-id=\"1ecebea\" data-element_type=\"section\" data-e-type=\"section\">\n\t\t\t\t\t\t<div class=\"elementor-container elementor-column-gap-default\">\n\t\t\t\t\t<div class=\"elementor-column elementor-col-50 elementor-top-column elementor-element elementor-element-4062d67\" data-id=\"4062d67\" data-element_type=\"column\" data-e-type=\"column\">\n\t\t\t<div class=\"elementor-widget-wrap elementor-element-populated\">\n\t\t\t\t\t\t<div class=\"elementor-element elementor-element-646c509 elementor-widget elementor-widget-text-editor\" data-id=\"646c509\" data-element_type=\"widget\" data-e-type=\"widget\" data-widget_type=\"text-editor.default\">\n\t\t\t\t<div class=\"elementor-widget-container\">\n\t\t\t\t\t\t\t\t\t<p style=\"font-family: Roboto, sans-serif; font-style: normal; font-weight: 400;\"><strong style=\"font-size: 20px;\">Ateli\u00e9r Polt\u00e1r<\/strong><\/p><p style=\"font-family: Roboto, sans-serif; font-style: normal; font-weight: 400;\"><span style=\"font-size: 13px;\">\u0160kolsk\u00e1 746\/11, Polt\u00e1r<\/span><\/p><p style=\"font-family: Roboto, sans-serif; font-size: 16px; font-style: normal; font-weight: 400;\"><strong style=\"font-family: Roboto, sans-serif; font-size: 16px; font-style: normal;\">I<\/strong><strong style=\"font-family: Roboto, sans-serif; font-size: 16px; font-style: normal;\">ng. Jana Sobotov\u00e1<\/strong><\/p><p style=\"font-family: Roboto, sans-serif; font-size: 16px; font-style: normal; font-weight: 400;\"><span style=\"font-family: Roboto, sans-serif; font-size: 13px; font-style: normal; font-weight: 400;\">stavebn\u00fd in\u017einier,\u00a0<\/span><span style=\"font-family: Roboto, sans-serif; font-size: 13px; font-style: normal; font-weight: 400;\">s\u00fadny znalec z odboru Stavebn\u00edctvo<\/span><\/p><p style=\"font-family: Roboto, sans-serif; font-size: 16px; font-style: normal; font-weight: 400;\"><span style=\"font-family: Roboto, sans-serif; font-size: 13px; font-style: normal; font-weight: 400;\">janasobotova1@gmail.com<\/span><\/p><p style=\"font-family: Roboto, sans-serif; font-size: 16px; font-style: normal; font-weight: 400; margin-bottom: 1.5em;\"><span style=\"font-family: Roboto, sans-serif; font-size: 13px; font-style: normal; font-weight: 400;\">+421918853022<\/span><\/p>\t\t\t\t\t\t\t\t<\/div>\n\t\t\t\t<\/div>\n\t\t\t\t\t<\/div>\n\t\t<\/div>\n\t\t\t\t<div class=\"elementor-column elementor-col-50 elementor-top-column elementor-element elementor-element-0df925c\" data-id=\"0df925c\" data-element_type=\"column\" data-e-type=\"column\">\n\t\t\t<div class=\"elementor-widget-wrap elementor-element-populated\">\n\t\t\t\t\t\t<div class=\"elementor-element elementor-element-c91abe8 elementor-widget elementor-widget-text-editor\" data-id=\"c91abe8\" data-element_type=\"widget\" data-e-type=\"widget\" data-widget_type=\"text-editor.default\">\n\t\t\t\t<div class=\"elementor-widget-container\">\n\t\t\t\t\t\t\t\t\t<p class=\"has-text-color has-medium-font-size has-very-dark-gray-color\" style=\"font-family: Roboto, sans-serif; font-style: normal; font-weight: 400;\"><strong style=\"font-size: 20px;\">Ateli\u00e9r Stupava<\/strong><\/p><p style=\"font-family: Roboto, sans-serif; font-style: normal; font-weight: 400;\"><span style=\"font-family: Roboto, sans-serif; font-size: 13px; font-style: normal; font-weight: 400;\">D\u017ebank\u00e1rska 9A, Stupava<\/span><\/p><p style=\"font-family: Roboto, sans-serif; font-style: normal; font-weight: 400;\"><strong style=\"font-family: Roboto, sans-serif; font-size: 16px; font-style: normal;\">Ing. arch. Radka Kopuncov\u00e1, PhD.<\/strong><\/p><p style=\"font-family: Roboto, sans-serif; font-style: normal; font-weight: 400;\"><span style=\"font-family: Roboto, sans-serif; font-size: 13px; font-style: normal; font-weight: 400; color: #7a7a7a;\">architekt<\/span><span style=\"font-family: Roboto, sans-serif; font-size: 13px; font-style: normal; font-weight: 400;\">, s\u00fadny znalec z odboru Stavebn\u00edctvo<\/span><\/p><p style=\"font-family: Roboto, sans-serif; font-style: normal; font-weight: 400;\"><span style=\"font-family: Roboto, sans-serif; font-size: 13px; font-style: normal; font-weight: 400; color: #7a7a7a;\">radkakubaliakova@gmail.com<\/span><\/p><p style=\"font-family: Roboto, sans-serif; font-style: normal; font-weight: 400; margin-bottom: 0px;\"><span style=\"font-family: Roboto, sans-serif; font-size: 13px; font-style: normal; font-weight: 400; color: #7a7a7a;\">+421918621476<\/span><\/p><p style=\"font-family: Roboto, sans-serif; font-style: normal; font-weight: 400;\">\u00a0<\/p>\t\t\t\t\t\t\t\t<\/div>\n\t\t\t\t<\/div>\n\t\t\t\t\t<\/div>\n\t\t<\/div>\n\t\t\t\t\t<\/div>\n\t\t<\/section>\n\t\t\t\t<section class=\"elementor-section elementor-top-section elementor-element elementor-element-2ea2a16 elementor-section-boxed elementor-section-height-default elementor-section-height-default\" data-id=\"2ea2a16\" data-element_type=\"section\" data-e-type=\"section\">\n\t\t\t\t\t\t<div class=\"elementor-container elementor-column-gap-default\">\n\t\t\t\t\t<div class=\"elementor-column elementor-col-50 elementor-top-column elementor-element elementor-element-39f93ad\" data-id=\"39f93ad\" data-element_type=\"column\" data-e-type=\"column\">\n\t\t\t<div class=\"elementor-widget-wrap elementor-element-populated\">\n\t\t\t\t\t\t<div class=\"elementor-element elementor-element-5a6394c elementor-widget elementor-widget-image\" data-id=\"5a6394c\" data-element_type=\"widget\" data-e-type=\"widget\" data-widget_type=\"image.default\">\n\t\t\t\t<div class=\"elementor-widget-container\">\n\t\t\t\t\t\t\t\t\t\t\t\t\t\t\t<img fetchpriority=\"high\" decoding=\"async\" width=\"683\" height=\"1024\" src=\"https:\/\/kubaarch.sk\/wp-content\/uploads\/2026\/03\/Portret_KUBAARCH_silvia_kanova_3-1-683x1024.jpg\" class=\"attachment-large size-large wp-image-947\" alt=\"\" srcset=\"https:\/\/kubaarch.sk\/wp-content\/uploads\/2026\/03\/Portret_KUBAARCH_silvia_kanova_3-1-683x1024.jpg 683w, https:\/\/kubaarch.sk\/wp-content\/uploads\/2026\/03\/Portret_KUBAARCH_silvia_kanova_3-1-200x300.jpg 200w, https:\/\/kubaarch.sk\/wp-content\/uploads\/2026\/03\/Portret_KUBAARCH_silvia_kanova_3-1-768x1152.jpg 768w, https:\/\/kubaarch.sk\/wp-content\/uploads\/2026\/03\/Portret_KUBAARCH_silvia_kanova_3-1-1024x1536.jpg 1024w, https:\/\/kubaarch.sk\/wp-content\/uploads\/2026\/03\/Portret_KUBAARCH_silvia_kanova_3-1-1365x2048.jpg 1365w, https:\/\/kubaarch.sk\/wp-content\/uploads\/2026\/03\/Portret_KUBAARCH_silvia_kanova_3-1-880x1320.jpg 880w, https:\/\/kubaarch.sk\/wp-content\/uploads\/2026\/03\/Portret_KUBAARCH_silvia_kanova_3-1-220x330.jpg 220w, https:\/\/kubaarch.sk\/wp-content\/uploads\/2026\/03\/Portret_KUBAARCH_silvia_kanova_3-1-scaled.jpg 1706w\" sizes=\"(max-width: 683px) 100vw, 683px\" \/>\t\t\t\t\t\t\t\t\t\t\t\t\t\t\t<\/div>\n\t\t\t\t<\/div>\n\t\t\t\t\t<\/div>\n\t\t<\/div>\n\t\t\t\t<div class=\"elementor-column elementor-col-50 elementor-top-column elementor-element elementor-element-a09c4c3\" data-id=\"a09c4c3\" data-element_type=\"column\" data-e-type=\"column\">\n\t\t\t<div class=\"elementor-widget-wrap elementor-element-populated\">\n\t\t\t\t\t\t<div class=\"elementor-element elementor-element-ed9bf9c elementor-widget elementor-widget-image\" data-id=\"ed9bf9c\" data-element_type=\"widget\" data-e-type=\"widget\" data-widget_type=\"image.default\">\n\t\t\t\t<div class=\"elementor-widget-container\">\n\t\t\t\t\t\t\t\t\t\t\t\t\t\t\t<img decoding=\"async\" width=\"683\" height=\"1024\" src=\"https:\/\/kubaarch.sk\/wp-content\/uploads\/2026\/03\/rady-2-683x1024.jpg\" class=\"attachment-large size-large wp-image-948\" alt=\"\" srcset=\"https:\/\/kubaarch.sk\/wp-content\/uploads\/2026\/03\/rady-2-683x1024.jpg 683w, https:\/\/kubaarch.sk\/wp-content\/uploads\/2026\/03\/rady-2-200x300.jpg 200w, https:\/\/kubaarch.sk\/wp-content\/uploads\/2026\/03\/rady-2-768x1152.jpg 768w, https:\/\/kubaarch.sk\/wp-content\/uploads\/2026\/03\/rady-2-1024x1536.jpg 1024w, https:\/\/kubaarch.sk\/wp-content\/uploads\/2026\/03\/rady-2-1365x2048.jpg 1365w, https:\/\/kubaarch.sk\/wp-content\/uploads\/2026\/03\/rady-2-880x1320.jpg 880w, https:\/\/kubaarch.sk\/wp-content\/uploads\/2026\/03\/rady-2-220x330.jpg 220w, https:\/\/kubaarch.sk\/wp-content\/uploads\/2026\/03\/rady-2-scaled.jpg 1707w\" sizes=\"(max-width: 683px) 100vw, 683px\" \/>\t\t\t\t\t\t\t\t\t\t\t\t\t\t\t<\/div>\n\t\t\t\t<\/div>\n\t\t\t\t\t<\/div>\n\t\t<\/div>\n\t\t\t\t\t<\/div>\n\t\t<\/section>\n\t\t\t\t<section class=\"elementor-section elementor-top-section elementor-element elementor-element-c792813 elementor-section-boxed elementor-section-height-default elementor-section-height-default\" data-id=\"c792813\" data-element_type=\"section\" data-e-type=\"section\">\n\t\t\t\t\t\t<div class=\"elementor-container elementor-column-gap-default\">\n\t\t\t\t\t<div class=\"elementor-column elementor-col-50 elementor-top-column elementor-element elementor-element-e908d4c\" data-id=\"e908d4c\" data-element_type=\"column\" data-e-type=\"column\">\n\t\t\t<div class=\"elementor-widget-wrap elementor-element-populated\">\n\t\t\t\t\t\t<div class=\"elementor-element elementor-element-4b1ef33 elementor-widget elementor-widget-text-editor\" data-id=\"4b1ef33\" data-element_type=\"widget\" data-e-type=\"widget\" data-widget_type=\"text-editor.default\">\n\t\t\t\t<div class=\"elementor-widget-container\">\n\t\t\t\t\t\t\t\t\t<p class=\"has-text-color has-medium-font-size has-very-dark-gray-color\" style=\"font-family: Roboto, sans-serif; font-style: normal; font-weight: 400;\"><strong style=\"font-family: Roboto, sans-serif; font-size: 16px; font-style: normal;\">Ing. J\u00e1n Kubaliak<\/strong><\/p><p style=\"font-family: Roboto, sans-serif; font-size: 16px; font-style: normal; font-weight: 400;\"><span style=\"font-family: Roboto, sans-serif; font-size: 13px; font-style: normal; font-weight: 400;\">autorizovan\u00fd stavebn\u00fd in\u017einier, s\u00fadny znalec z odboru Stavebn\u00edctvo<\/span><\/p><p style=\"font-family: Roboto, sans-serif; font-size: 16px; font-style: normal; font-weight: 400;\"><span style=\"font-family: Roboto, sans-serif; font-size: 13px; font-style: normal; font-weight: 400;\">jankubaliak1@gmail.com<\/span><\/p><p style=\"font-family: Roboto, sans-serif; font-size: 16px; font-style: normal; font-weight: 400;\"><span style=\"font-family: Roboto, sans-serif; font-size: 13px; font-style: normal; font-weight: 400;\">+421905533867<\/span><\/p>\t\t\t\t\t\t\t\t<\/div>\n\t\t\t\t<\/div>\n\t\t\t\t\t<\/div>\n\t\t<\/div>\n\t\t\t\t<div class=\"elementor-column elementor-col-50 elementor-top-column elementor-element elementor-element-b225bae\" data-id=\"b225bae\" data-element_type=\"column\" data-e-type=\"column\">\n\t\t\t<div class=\"elementor-widget-wrap\">\n\t\t\t\t\t\t\t<\/div>\n\t\t<\/div>\n\t\t\t\t\t<\/div>\n\t\t<\/section>\n\t\t\t\t<section class=\"elementor-section elementor-top-section elementor-element elementor-element-598b57e elementor-section-boxed elementor-section-height-default elementor-section-height-default\" data-id=\"598b57e\" data-element_type=\"section\" data-e-type=\"section\">\n\t\t\t\t\t\t<div class=\"elementor-container elementor-column-gap-default\">\n\t\t\t\t\t<div class=\"elementor-column elementor-col-50 elementor-top-column elementor-element elementor-element-fb76311\" data-id=\"fb76311\" data-element_type=\"column\" data-e-type=\"column\">\n\t\t\t<div class=\"elementor-widget-wrap elementor-element-populated\">\n\t\t\t\t\t\t<div class=\"elementor-element elementor-element-c9f458d elementor-widget elementor-widget-image\" data-id=\"c9f458d\" data-element_type=\"widget\" data-e-type=\"widget\" data-widget_type=\"image.default\">\n\t\t\t\t<div class=\"elementor-widget-container\">\n\t\t\t\t\t\t\t\t\t\t\t\t\t\t\t<img decoding=\"async\" width=\"768\" height=\"1024\" src=\"https:\/\/kubaarch.sk\/wp-content\/uploads\/2026\/03\/oco-final-768x1024.jpg\" class=\"attachment-large size-large wp-image-962\" alt=\"\" srcset=\"https:\/\/kubaarch.sk\/wp-content\/uploads\/2026\/03\/oco-final-768x1023.jpg 768w, https:\/\/kubaarch.sk\/wp-content\/uploads\/2026\/03\/oco-final-225x300.jpg 225w, https:\/\/kubaarch.sk\/wp-content\/uploads\/2026\/03\/oco-final-880x1173.jpg 880w, https:\/\/kubaarch.sk\/wp-content\/uploads\/2026\/03\/oco-final-220x293.jpg 220w, https:\/\/kubaarch.sk\/wp-content\/uploads\/2026\/03\/oco-final.jpg 896w\" sizes=\"(max-width: 768px) 100vw, 768px\" \/>\t\t\t\t\t\t\t\t\t\t\t\t\t\t\t<\/div>\n\t\t\t\t<\/div>\n\t\t\t\t\t<\/div>\n\t\t<\/div>\n\t\t\t\t<div class=\"elementor-column elementor-col-50 elementor-top-column elementor-element elementor-element-563d80d\" data-id=\"563d80d\" data-element_type=\"column\" data-e-type=\"column\">\n\t\t\t<div class=\"elementor-widget-wrap\">\n\t\t\t\t\t\t\t<\/div>\n\t\t<\/div>\n\t\t\t\t\t<\/div>\n\t\t<\/section>\n\t\t\t\t<section class=\"elementor-section elementor-top-section elementor-element elementor-element-6e1e32d elementor-section-boxed elementor-section-height-default elementor-section-height-default\" data-id=\"6e1e32d\" data-element_type=\"section\" data-e-type=\"section\">\n\t\t\t\t\t\t<div class=\"elementor-container elementor-column-gap-default\">\n\t\t\t\t\t<div class=\"elementor-column elementor-col-100 elementor-top-column elementor-element elementor-element-d119ab1\" data-id=\"d119ab1\" data-element_type=\"column\" data-e-type=\"column\">\n\t\t\t<div class=\"elementor-widget-wrap elementor-element-populated\">\n\t\t\t\t\t\t<div class=\"elementor-element elementor-element-f5c2589 elementor-shape-rounded elementor-grid-0 e-grid-align-center elementor-widget elementor-widget-social-icons\" data-id=\"f5c2589\" data-element_type=\"widget\" data-e-type=\"widget\" data-widget_type=\"social-icons.default\">\n\t\t\t\t<div class=\"elementor-widget-container\">\n\t\t\t\t\t\t\t<div class=\"elementor-social-icons-wrapper elementor-grid\" role=\"list\">\n\t\t\t\t\t\t\t<span class=\"elementor-grid-item\" role=\"listitem\">\n\t\t\t\t\t<a class=\"elementor-icon elementor-social-icon elementor-social-icon-facebook elementor-repeater-item-8fedc1c\" href=\"https:\/\/www.facebook.com\/KUBAarch-132520127614780\/\" target=\"_blank\">\n\t\t\t\t\t\t<span class=\"elementor-screen-only\">Facebook<\/span>\n\t\t\t\t\t\t<i aria-hidden=\"true\" class=\"fab fa-facebook\"><\/i>\t\t\t\t\t<\/a>\n\t\t\t\t<\/span>\n\t\t\t\t\t\t\t<span class=\"elementor-grid-item\" role=\"listitem\">\n\t\t\t\t\t<a class=\"elementor-icon elementor-social-icon elementor-social-icon-instagram elementor-repeater-item-3b3d891\" href=\"https:\/\/www.instagram.com\/kubaarch\/\" target=\"_blank\">\n\t\t\t\t\t\t<span class=\"elementor-screen-only\">Instagram<\/span>\n\t\t\t\t\t\t<i aria-hidden=\"true\" class=\"fab fa-instagram\"><\/i>\t\t\t\t\t<\/a>\n\t\t\t\t<\/span>\n\t\t\t\t\t<\/div>\n\t\t\t\t\t\t<\/div>\n\t\t\t\t<\/div>\n\t\t\t\t\t<\/div>\n\t\t<\/div>\n\t\t\t\t\t<\/div>\n\t\t<\/section>\n\t\t\t\t<\/div>\n\t\t","protected":false},"excerpt":{"rendered":"<p>Ateli\u00e9r Polt\u00e1r \u0160kolsk\u00e1 746\/11, Polt\u00e1r Ing. Jana Sobotov\u00e1 stavebn\u00fd in\u017einier,\u00a0s\u00fadny znalec z odboru Stavebn\u00edctvo janasobotova1@gmail.com +421918853022 Ateli\u00e9r Stupava D\u017ebank\u00e1rska 9A, Stupava Ing. arch. Radka Kopuncov\u00e1, PhD. architekt, s\u00fadny znalec z odboru Stavebn\u00edctvo radkakubaliakova@gmail.com +421918621476 \u00a0 Ing. J\u00e1n Kubaliak autorizovan\u00fd stavebn\u00fd in\u017einier, s\u00fadny znalec z odboru Stavebn\u00edctvo jankubaliak1@gmail.com +421905533867 Facebook Instagram<\/p>\n","protected":false},"author":1,"featured_media":0,"parent":0,"menu_order":0,"comment_status":"closed","ping_status":"closed","template":"","meta":{"footnotes":""},"class_list":["post-13","page","type-page","status-publish","hentry"],"jetpack_sharing_enabled":true,"_links":{"self":[{"href":"https:\/\/kubaarch.sk\/index.php?rest_route=\/wp\/v2\/pages\/13","targetHints":{"allow":["GET"]}}],"collection":[{"href":"https:\/\/kubaarch.sk\/index.php?rest_route=\/wp\/v2\/pages"}],"about":[{"href":"https:\/\/kubaarch.sk\/index.php?rest_route=\/wp\/v2\/types\/page"}],"author":[{"embeddable":true,"href":"https:\/\/kubaarch.sk\/index.php?rest_route=\/wp\/v2\/users\/1"}],"replies":[{"embeddable":true,"href":"https:\/\/kubaarch.sk\/index.php?rest_route=%2Fwp%2Fv2%2Fcomments&post=13"}],"version-history":[{"count":41,"href":"https:\/\/kubaarch.sk\/index.php?rest_route=\/wp\/v2\/pages\/13\/revisions"}],"predecessor-version":[{"id":965,"href":"https:\/\/kubaarch.sk\/index.php?rest_route=\/wp\/v2\/pages\/13\/revisions\/965"}],"wp:attachment":[{"href":"https:\/\/kubaarch.sk\/index.php?rest_route=%2Fwp%2Fv2%2Fmedia&parent=13"}],"curies":[{"name":"wp","href":"https:\/\/api.w.org\/{rel}","templated":true}]}}